{"id":22514,"date":"2014-08-08T19:24:13","date_gmt":"2014-08-08T17:24:13","guid":{"rendered":"http:\/\/the7.dream-demo.com\/?page_id=22514"},"modified":"2018-05-13T19:32:30","modified_gmt":"2018-05-13T17:32:30","slug":"kontakt","status":"publish","type":"page","link":"https:\/\/arslaterna.de\/?page_id=22514","title":{"rendered":"Kontakt"},"content":{"rendered":"<p>[vc_row margin_top=&#8220;0&#8243; margin_bottom=&#8220;-35&#8243;][vc_column offset=&#8220;vc_col-lg-8 vc_col-md-6 vc_col-xs-12&#8243;][vc_column_text]Anfragen k\u00f6nnen \u00fcber das Kontaktformular gestellt werden.<\/p>\n<p>Dabei werden Ihre Angaben aus dem Anfrageformular inklusive der von Ihnen dort angegebenen Kontaktdaten zwecks Bearbeitung der Anfrage und f\u00fcr den Fall von Anschlussfragen bei uns gespeichert. Diese Daten geben wir nicht ohne Ihre Einwilligung weiter.<\/p>\n<p>Die Verarbeitung der in das Kontaktformular eingegebenen Daten erfolgt somit ausschlie\u00dflich auf Grundlage Ihrer Einwilligung (Art. 6 Abs. 1 lit. a DSGVO). Sie k\u00f6nnen diese Einwilligung jederzeit widerrufen. Dazu reicht eine formlose Mitteilung per E-Mail an uns. Die Rechtm\u00e4\u00dfigkeit der bis zum Widerruf erfolgten Datenverarbeitungsvorg\u00e4nge bleibt vom Widerruf unber\u00fchrt.<\/p>\n<p>Die von Ihnen im Kontaktformular eingegebenen Daten verbleiben bei uns, bis Sie uns zur L\u00f6schung auffordern, Ihre Einwilligung zur Speicherung widerrufen oder der Zweck f\u00fcr die Datenspeicherung entf\u00e4llt (z.B. nach abgeschlossener Bearbeitung Ihrer Anfrage). Zwingende gesetzliche Bestimmungen \u2013 insbesondere Aufbewahrungsfristen \u2013 bleiben unber\u00fchrt.<\/p>\n<p>Alternativ k\u00f6nnen Sie uns eine E-Mail an die Adresse <em>marcin@arslaterna.de<\/em> schicken.[\/vc_column_text][vc_empty_space height=&#8220;24px&#8220;]<div role=\"form\" class=\"wpcf7\" id=\"wpcf7-f8-o1\" lang=\"de-DE\" dir=\"ltr\">\n<div class=\"screen-reader-response\"><p role=\"status\" aria-live=\"polite\" aria-atomic=\"true\"><\/p> <ul><\/ul><\/div>\n<form action=\"\/index.php?rest_route=%2Fwp%2Fv2%2Fpages%2F22514#wpcf7-f8-o1\" method=\"post\" class=\"wpcf7-form init\" novalidate=\"novalidate\" data-status=\"init\">\n<div style=\"display: none;\">\n<input type=\"hidden\" name=\"_wpcf7\" value=\"8\" \/>\n<input type=\"hidden\" name=\"_wpcf7_version\" value=\"5.6.2\" \/>\n<input type=\"hidden\" name=\"_wpcf7_locale\" value=\"de_DE\" \/>\n<input type=\"hidden\" name=\"_wpcf7_unit_tag\" value=\"wpcf7-f8-o1\" \/>\n<input type=\"hidden\" name=\"_wpcf7_container_post\" value=\"0\" \/>\n<input type=\"hidden\" name=\"_wpcf7_posted_data_hash\" value=\"\" \/>\n<\/div>\n<p><label> Name (Pflichtfeld)<br \/>\n    <span class=\"wpcf7-form-control-wrap\" data-name=\"name\"><input type=\"text\" name=\"name\" value=\"\" size=\"40\" class=\"wpcf7-form-control wpcf7-text wpcf7-validates-as-required\" aria-required=\"true\" aria-invalid=\"false\" \/><\/span> <\/label><\/p>\n<p><label> E-Mail Adresse (Pflichtfeld)<br \/>\n    <span class=\"wpcf7-form-control-wrap\" data-name=\"email\"><input type=\"email\" name=\"email\" value=\"\" size=\"40\" class=\"wpcf7-form-control wpcf7-text wpcf7-email wpcf7-validates-as-required wpcf7-validates-as-email\" aria-required=\"true\" aria-invalid=\"false\" \/><\/span> <\/label><\/p>\n<p><label> Text (Pflichtfeld)<br \/>\n    <span class=\"wpcf7-form-control-wrap\" data-name=\"text\"><textarea name=\"text\" cols=\"40\" rows=\"10\" class=\"wpcf7-form-control wpcf7-textarea wpcf7-validates-as-required\" aria-required=\"true\" aria-invalid=\"false\"><\/textarea><\/span> <\/label><\/p>\n<p><span class=\"wpcf7-form-control-wrap\" data-name=\"acceptance-887\"><span class=\"wpcf7-form-control wpcf7-acceptance\"><span class=\"wpcf7-list-item\"><label><input type=\"checkbox\" name=\"acceptance-887\" value=\"1\" aria-invalid=\"false\" \/><span class=\"wpcf7-list-item-label\">Ich willige den oben aufgef\u00fchrten Konditionen zur Daten\u00fcbermittlung, Verarbeitung und Speicherung ein.<\/span><\/label><\/span><\/span><\/span><\/p>\n<p><input type=\"submit\" value=\"Abschicken\" class=\"wpcf7-form-control has-spinner wpcf7-submit\" \/><\/p>\n<div class=\"wpcf7-response-output\" aria-hidden=\"true\"><\/div><\/form><\/div>[\/vc_column][vc_column offset=&#8220;vc_col-lg-4 vc_col-md-6 vc_col-xs-12&#8243;][vc_column_text]Kontaktinformationen[\/vc_column_text][vc_empty_space height=&#8220;24px&#8220;][vc_column_text]<span class=\"color-title\">Postalische Adresse:<\/span><br \/>\nAlbert-Leidl-Str. 3a, 86179 Augsburg, Deutschland[\/vc_column_text][vc_empty_space height=&#8220;16px&#8220;][vc_column_text]<span class=\"color-title\">Telefonnummer:<\/span><br \/>\n+49 (176) 20974334[\/vc_column_text][vc_empty_space height=&#8220;16px&#8220;][vc_column_text]<span class=\"color-title\">E-Mail:<\/span><br \/>\nmarcin@arslaterna.de[\/vc_column_text][vc_empty_space height=&#8220;16px&#8220;][\/vc_column][\/vc_row]<\/p>\n","protected":false},"excerpt":{"rendered":"<p>[vc_row margin_top=&#8220;0&#8243; margin_bottom=&#8220;-35&#8243;][vc_column offset=&#8220;vc_col-lg-8 vc_col-md-6 vc_col-xs-12&#8243;][vc_column_text]Anfragen k\u00f6nnen \u00fcber das Kontaktformular gestellt werden. Dabei werden Ihre Angaben aus dem Anfrageformular inklusive der von Ihnen dort angegebenen Kontaktdaten zwecks Bearbeitung der Anfrage und f\u00fcr den Fall von Anschlussfragen bei uns gespeichert. Diese Daten geben wir nicht ohne Ihre Einwilligung weiter. Die Verarbeitung der in das Kontaktformular eingegebenen&hellip;<\/p>\n","protected":false},"author":1,"featured_media":0,"parent":0,"menu_order":30,"comment_status":"closed","ping_status":"closed","template":"","meta":[],"_links":{"self":[{"href":"https:\/\/arslaterna.de\/index.php?rest_route=\/wp\/v2\/pages\/22514"}],"collection":[{"href":"https:\/\/arslaterna.de\/index.php?rest_route=\/wp\/v2\/pages"}],"about":[{"href":"https:\/\/arslaterna.de\/index.php?rest_route=\/wp\/v2\/types\/page"}],"author":[{"embeddable":true,"href":"https:\/\/arslaterna.de\/index.php?rest_route=\/wp\/v2\/users\/1"}],"replies":[{"embeddable":true,"href":"https:\/\/arslaterna.de\/index.php?rest_route=%2Fwp%2Fv2%2Fcomments&post=22514"}],"version-history":[{"count":10,"href":"https:\/\/arslaterna.de\/index.php?rest_route=\/wp\/v2\/pages\/22514\/revisions"}],"predecessor-version":[{"id":36700,"href":"https:\/\/arslaterna.de\/index.php?rest_route=\/wp\/v2\/pages\/22514\/revisions\/36700"}],"wp:attachment":[{"href":"https:\/\/arslaterna.de\/index.php?rest_route=%2Fwp%2Fv2%2Fmedia&parent=22514"}],"curies":[{"name":"wp","href":"https:\/\/api.w.org\/{rel}","templated":true}]}}