{"id":36101,"date":"2017-02-23T22:11:16","date_gmt":"2017-02-23T21:11:16","guid":{"rendered":"http:\/\/arslaterna.de\/?page_id=36101"},"modified":"2018-05-13T18:53:00","modified_gmt":"2018-05-13T16:53:00","slug":"impressum","status":"publish","type":"page","link":"https:\/\/arslaterna.de\/?page_id=36101","title":{"rendered":"Impressum"},"content":{"rendered":"<p><span style=\"font-size: 18px;\">Marcin Malecha<br \/>\n<\/span><\/p>\n<p><span style=\"font-size: 18px;\">Albert-Leidl-Str. 3a<\/span><\/p>\n<p><span style=\"font-size: 18px;\">86179 Augsburg<br \/>\n<\/span><\/p>\n<p><span style=\"font-size: 18px;\">marcin@arslaterna.de<br \/>\n<\/span><\/p>\n<p><span style=\"font-size: 18px;\">+49 (176) 20974334<br \/>\n<\/span><br \/>\n<!--\n\n<span style=\"font-size: 18px;\">Eintragung im Handelsregister:<\/span>\n\n<span style=\"font-size: 18px;\">Registergericht: 22222<\/span>\n\n<span style=\"font-size: 18px;\">Registernummer: 11111<\/span>\n\n--><\/p>\n<p><span style=\"font-size: 18px;\">Umsatzsteuer-Identifikationsnummer gem\u00e4\u00df \u00a727 a Umsatzsteuergesetz: DE311822859<\/span><\/p>\n<p><span style=\"font-size: 18px;\">Kleinunternehmer nach \u00a719 Abs. 1 UStG<\/span><\/p>\n<p><span style=\"font-size: 18px;\">\u00a0<\/p>\n<div class=\"hr-thin\"><\/div>\n<p><\/span><\/p>\n<p><strong><span style=\"font-size: 18px;\">Haftungsausschluss (Disclaimer)<\/span><\/strong><\/p>\n<div class=\"gap\" style=\"line-height: 10px; height: 10px;\"><\/div>\n<p><em><span style=\"font-size: 18px;\">1. Haftung f\u00fcr Inhalte<\/span><\/em><\/p>\n<p><span style=\"font-size: 18px;\">Als Diensteanbieter sind wir gem\u00e4\u00df \u00a7 7 Abs.1 TMG f\u00fcr eigene Inhalte auf diesen Seiten nach den allgemeinen Gesetzen verantwortlich. Nach \u00a7\u00a7 8 bis 10 TMG sind wir als Diensteanbieter jedoch nicht verpflichtet, \u00fcbermittelte oder gespeicherte fremde Informationen zu \u00fcberwachen oder nach Umst\u00e4nden zu forschen, die auf eine rechtswidrige T\u00e4tigkeit hinweisen.<\/span><\/p>\n<p><span style=\"font-size: 18px;\">Verpflichtungen zur Entfernung oder Sperrung der Nutzung von Informationen nach den allgemeinen Gesetzen bleiben hiervon unber\u00fchrt. Eine diesbez\u00fcgliche Haftung ist jedoch erst ab dem Zeitpunkt der Kenntnis einer konkreten Rechtsverletzung m\u00f6glich. Bei Bekanntwerden von entsprechenden Rechtsverletzungen werden wir diese Inhalte umgehend entfernen.<\/span><\/p>\n<div class=\"gap\" style=\"line-height: 10px; height: 10px;\"><\/div>\n<p><em><span style=\"font-size: 18px;\">2. Haftung f\u00fcr Links<\/span><\/em><\/p>\n<p><span style=\"font-size: 18px;\">Unser Angebot enth\u00e4lt Links zu externen Webseiten Dritter, auf deren Inhalte wir keinen Einfluss haben. Deshalb k\u00f6nnen wir f\u00fcr diese fremden Inhalte auch keine Gew\u00e4hr \u00fcbernehmen. F\u00fcr die Inhalte der verlinkten Seiten ist stets der jeweilige Anbieter oder Betreiber der Seiten verantwortlich. Die verlinkten Seiten wurden zum Zeitpunkt der Verlinkung auf m\u00f6gliche Rechtsverst\u00f6\u00dfe \u00fcberpr\u00fcft. Rechtswidrige Inhalte waren zum Zeitpunkt der Verlinkung nicht erkennbar.<\/span><\/p>\n<p><span style=\"font-size: 18px;\">Eine permanente inhaltliche Kontrolle der verlinkten Seiten ist jedoch ohne konkrete Anhaltspunkte einer Rechtsverletzung nicht zumutbar. Bei Bekanntwerden von Rechtsverletzungen werden wir derartige Links umgehend entfernen.<\/span><\/p>\n<div class=\"gap\" style=\"line-height: 10px; height: 10px;\"><\/div>\n<p><em><span style=\"font-size: 18px;\">3. Urheberrecht<\/span><\/em><\/p>\n<p><span style=\"font-size: 18px;\">Die durch die Seitenbetreiber erstellten Inhalte und Werke auf diesen Seiten unterliegen dem deutschen Urheberrecht. Die Vervielf\u00e4ltigung, Bearbeitung, Verbreitung und jede Art der Verwertung au\u00dferhalb der Grenzen des Urheberrechtes bed\u00fcrfen der schriftlichen Zustimmung des jeweiligen Autors bzw. Erstellers. Downloads und Kopien dieser Seite sind nur f\u00fcr den privaten, nicht kommerziellen Gebrauch gestattet.<\/span><\/p>\n<p><span style=\"font-size: 18px;\">Soweit die Inhalte auf dieser Seite nicht vom Betreiber erstellt wurden, werden die Urheberrechte Dritter beachtet. Insbesondere werden Inhalte Dritter als solche gekennzeichnet. Sollten Sie trotzdem auf eine Urheberrechtsverletzung aufmerksam werden, bitten wir um einen entsprechenden Hinweis. Bei Bekanntwerden von Rechtsverletzungen werden wir derartige Inhalte umgehend entfernen.<\/span><br \/>\n<!--\n<span style=\"font-size: 18px;\"> [dt_divider style=\"thin\" \/]<\/span>\n\n<strong><span style=\"font-size: 18px;\" id=\"Datenschutz\">Datenschutzerkl\u00e4rung<\/span><\/strong>\n\n[dt_gap height=\"10\" \/]\n\n<em><span style=\"font-size: 18px;\">4. Datenschutz<\/span><\/em>\n\n<span style=\"font-size: 18px;\">Die Betreiber dieser Seiten nehmen den Schutz Ihrer pers\u00f6nlichen Daten sehr ernst. Wir behandeln Ihre personenbezogenen Daten vertraulich und entsprechend der gesetzlichen Datenschutzvorschriften sowie dieser Datenschutzerkl\u00e4rung.<\/span>\n\n<span style=\"font-size: 18px;\">Die Nutzung unserer Webseite ist in der Regel ohne Angabe personenbezogener Daten m\u00f6glich. Soweit auf unseren Seiten personenbezogene Daten (beispielsweise Name, Anschrift oder E-Mail-Adressen) erhoben werden, erfolgt dies, soweit m\u00f6glich, stets auf freiwilliger Basis. Diese Daten werden ohne Ihre ausdr\u00fcckliche Zustimmung nicht an Dritte weitergegeben.<\/span>\n\n<span style=\"font-size: 18px;\">Wir weisen darauf hin, dass die Daten\u00fcbertragung im Internet (z.B. bei der Kommunikation per E-Mail) Sicherheitsl\u00fccken aufweisen kann. Ein l\u00fcckenloser Schutz der Daten vor dem Zugriff durch Dritte ist nicht m\u00f6glich.<\/span>\n\n[dt_gap height=\"10\" \/]\n\n<em><span style=\"font-size: 18px;\">5. Cookies<\/span><\/em>\n\n<span style=\"font-size: 18px;\">Die Internetseiten verwenden teilweise so genannte Cookies. Cookies richten auf Ihrem Rechner keinen Schaden an und enthalten keine Viren. Cookies dienen dazu, unser Angebot nutzerfreundlicher, effektiver und sicherer zu machen. Cookies sind kleine Textdateien, die auf Ihrem Rechner abgelegt werden und die Ihr Browser speichert.<\/span>\n\n<span style=\"font-size: 18px;\">Die meisten der von uns verwendeten Cookies sind so genannte \u201eSession-Cookies\u201c. Sie werden nach Ende Ihres Besuchs automatisch gel\u00f6scht. Andere Cookies bleiben auf Ihrem Endger\u00e4t gespeichert, bis Sie diese l\u00f6schen. Diese Cookies erm\u00f6glichen es uns, Ihren Browser beim n\u00e4chsten Besuch wiederzuerkennen.<\/span>\n\n<span style=\"font-size: 18px;\">Sie k\u00f6nnen Ihren Browser so einstellen, dass Sie \u00fcber das Setzen von Cookies informiert werden und Cookies nur im Einzelfall erlauben, die Annahme von Cookies f\u00fcr bestimmte F\u00e4lle oder generell ausschlie\u00dfen sowie das automatische L\u00f6schen der Cookies beim Schlie\u00dfen des Browser aktivieren. Bei der Deaktivierung von Cookies kann die Funktionalit\u00e4t dieser Website eingeschr\u00e4nkt sein.<\/span>\n\n[dt_gap height=\"10\" \/]\n\n<em><span style=\"font-size: 18px;\">6. Kontaktformular<\/span><\/em>\n\n<span style=\"font-size: 18px;\">Wenn Sie uns per Kontaktformular Anfragen zukommen lassen, werden Ihre Angaben aus dem Anfrageformular inklusive der von Ihnen dort angegebenen Kontaktdaten zwecks Bearbeitung der Anfrage und f\u00fcr den Fall von Anschlussfragen bei uns gespeichert. Diese Daten geben wir nicht ohne Ihre Einwilligung weiter.<\/span>\n\n[dt_gap height=\"10\" \/]\n\n<em><span style=\"font-size: 18px;\">7. Datenschutzerkl\u00e4rung f\u00fcr die Nutzung von Google Analytics<\/span><\/em>\n\n<span style=\"font-size: 18px;\">Diese Website nutzt Funktionen des Webanalysedienstes Google Analytics. Anbieter ist die Google Inc., 1600 Amphitheatre Parkway Mountain View, CA 94043, USA.<\/span>\n\n<span style=\"font-size: 18px;\">Google Analytics verwendet so genannte \"Cookies\". Das sind Textdateien, die auf Ihrem Computer gespeichert werden und die eine Analyse der Benutzung der Website durch Sie erm\u00f6glichen. Die durch den Cookie erzeugten Informationen \u00fcber Ihre Benutzung dieser Website werden in der Regel an einen Server von Google in den USA \u00fcbertragen und dort gespeichert.<\/span>\n\n<span style=\"font-size: 18px;\">Mehr Informationen zum Umgang mit Nutzerdaten bei Google Analytics finden Sie in der Datenschutzerkl\u00e4rung von Google: <a href=\"https:\/\/support.google.com\/analytics\/answer\/6004245?hl=de\">https:\/\/support.google.com\/analytics\/answer\/6004245?hl=de<\/a><\/span>\n\n[dt_gap height=\"10\" \/]\n\n<span style=\"font-size: 18px;\">Browser Plugin<\/span>\n\n<span style=\"font-size: 18px;\">Sie k\u00f6nnen die Speicherung der Cookies durch eine entsprechende Einstellung Ihrer Browser-Software verhindern; wir weisen Sie jedoch darauf hin, dass Sie in diesem Fall gegebenenfalls nicht s\u00e4mtliche Funktionen dieser Website vollumf\u00e4nglich werden nutzen k\u00f6nnen. Sie k\u00f6nnen dar\u00fcber hinaus die Erfassung der durch den Cookie erzeugten und auf Ihre Nutzung der Website bezogenen Daten (inkl. Ihrer IP-Adresse) an Google sowie die Verarbeitung dieser Daten durch Google verhindern, indem Sie das unter dem folgenden Link verf\u00fcgbare Browser-Plugin herunterladen und installieren: <\/span>\n\n[dt_gap height=\"10\" \/]\n\n<span style=\"font-size: 18px;\">Widerspruch gegen Datenerfassung<\/span>\n\n<span style=\"font-size: 18px;\">Sie k\u00f6nnen die Erfassung Ihrer Daten durch Google Analytics verhindern, indem Sie auf folgenden Link klicken. Es wird ein Opt-Out-Cookie gesetzt, der die Erfassung Ihrer Daten bei zuk\u00fcnftigen Besuchen dieser Website verhindert: <a href=\"javascript:gaOptout();\">Google Analytics deaktivieren<\/a><\/span>\n\n[dt_gap height=\"10\" \/]\n\n<em><span style=\"font-size: 18px;\">8. Auskunft, L\u00f6schung, Sperrung<\/span><\/em>\n\n<span style=\"font-size: 18px;\">Sie haben jederzeit das Recht auf unentgeltliche Auskunft \u00fcber Ihre gespeicherten personenbezogenen Daten, deren Herkunft und Empf\u00e4nger und den Zweck der Datenverarbeitung sowie ein Recht auf Berichtigung, Sperrung oder L\u00f6schung dieser Daten. Hierzu sowie zu weiteren Fragen zum Thema personenbezogene Daten k\u00f6nnen Sie sich jederzeit unter der im Impressum angegebenen Adresse an uns wenden.<\/span>\n\n[dt_gap height=\"10\" \/]\n--><br \/>\n<em><span style=\"font-size: 18px;\">4. Rechtswirksamkeit dieses Haftungsausschlusses<\/span><\/em><\/p>\n<p><span style=\"font-size: 18px;\">Dieser Haftungsausschluss ist als Teil des Internetangebotes zu betrachten, von dem aus auf diese Seite verwiesen wurde. Sofern Teile oder einzelne Formulierungen dieses Textes der geltenden Rechtslage nicht, nicht mehr oder nicht vollst\u00e4ndig entsprechen sollten, bleiben die \u00fcbrigen Teile des Dokumentes in ihrem Inhalt und ihrer G\u00fcltigkeit davon unber\u00fchrt.<\/span><\/p>\n<p><span style=\"font-size: 18px;\"> <\/p>\n<div class=\"hr-thin\"><\/div>\n<p><\/span><\/p>\n<p><span style=\"font-size: 18px;\"> Quelle: eRecht24<\/span><\/p>\n<p><span style=\"font-size: 18px;\"> <\/p>\n<div class=\"hr-thin\"><\/div>\n<p><\/span><\/p>\n","protected":false},"excerpt":{"rendered":"<p>Marcin Malecha Albert-Leidl-Str. 3a 86179 Augsburg marcin@arslaterna.de +49 (176) 20974334 Umsatzsteuer-Identifikationsnummer gem\u00e4\u00df \u00a727 a Umsatzsteuergesetz: DE311822859 Kleinunternehmer nach \u00a719 Abs. 1 UStG \u00a0 Haftungsausschluss (Disclaimer) 1. Haftung f\u00fcr Inhalte Als Diensteanbieter sind wir gem\u00e4\u00df \u00a7 7 Abs.1 TMG f\u00fcr eigene Inhalte auf diesen Seiten nach den allgemeinen Gesetzen verantwortlich. Nach \u00a7\u00a7 8 bis 10 TMG&hellip;<\/p>\n","protected":false},"author":1,"featured_media":0,"parent":0,"menu_order":0,"comment_status":"closed","ping_status":"closed","template":"","meta":[],"_links":{"self":[{"href":"https:\/\/arslaterna.de\/index.php?rest_route=\/wp\/v2\/pages\/36101"}],"collection":[{"href":"https:\/\/arslaterna.de\/index.php?rest_route=\/wp\/v2\/pages"}],"about":[{"href":"https:\/\/arslaterna.de\/index.php?rest_route=\/wp\/v2\/types\/page"}],"author":[{"embeddable":true,"href":"https:\/\/arslaterna.de\/index.php?rest_route=\/wp\/v2\/users\/1"}],"replies":[{"embeddable":true,"href":"https:\/\/arslaterna.de\/index.php?rest_route=%2Fwp%2Fv2%2Fcomments&post=36101"}],"version-history":[{"count":10,"href":"https:\/\/arslaterna.de\/index.php?rest_route=\/wp\/v2\/pages\/36101\/revisions"}],"predecessor-version":[{"id":36692,"href":"https:\/\/arslaterna.de\/index.php?rest_route=\/wp\/v2\/pages\/36101\/revisions\/36692"}],"wp:attachment":[{"href":"https:\/\/arslaterna.de\/index.php?rest_route=%2Fwp%2Fv2%2Fmedia&parent=36101"}],"curies":[{"name":"wp","href":"https:\/\/api.w.org\/{rel}","templated":true}]}}